{"id":3301,"date":"2024-07-01T10:03:03","date_gmt":"2024-07-01T13:03:03","guid":{"rendered":"http:\/\/impaktotransportes.web15f11.uni5.net\/?page_id=3301"},"modified":"2026-05-12T07:03:20","modified_gmt":"2026-05-12T10:03:20","slug":"area-do-cliente__trashed","status":"publish","type":"page","link":"https:\/\/impaktotransportes.com.br\/?page_id=3301","title":{"rendered":"\u00c1rea do Cliente"},"content":{"rendered":"<p>[et_pb_section fb_built=&#8221;1&#8243; _builder_version=&#8221;4.25.2&#8243; _module_preset=&#8221;default&#8221; background_enable_color=&#8221;off&#8221; background_image=&#8221;https:\/\/impaktotransportes.com.br\/wp-content\/uploads\/2024\/06\/Sem-titulo-2.png&#8221; custom_margin=&#8221;0px||||false|false&#8221; custom_padding=&#8221;100px||10px||false|false&#8221; hover_enabled=&#8221;0&#8243; global_colors_info=&#8221;{}&#8221; sticky_enabled=&#8221;0&#8243;][et_pb_row _builder_version=&#8221;4.25.2&#8243; _module_preset=&#8221;default&#8221; background_enable_image=&#8221;off&#8221; custom_margin=&#8221;0px||||false|false&#8221; custom_padding=&#8221;50px||0px||false|false&#8221; global_colors_info=&#8221;{}&#8221;][et_pb_column type=&#8221;4_4&#8243; _builder_version=&#8221;4.16&#8243; _module_preset=&#8221;default&#8221; global_colors_info=&#8221;{}&#8221;][et_pb_text _builder_version=&#8221;4.25.2&#8243; _module_preset=&#8221;default&#8221; text_font=&#8221;Roboto|700||on|||||&#8221; text_text_color=&#8221;#e03b3b&#8221; text_font_size=&#8221;15px&#8221; text_letter_spacing=&#8221;2px&#8221; text_orientation=&#8221;center&#8221; custom_margin=&#8221;||3px|||&#8221; global_colors_info=&#8221;{}&#8221;]<\/p>\n<p style=\"text-align: left;\">\u00e1rea do Cliente<\/p>\n<p>[\/et_pb_text][et_pb_text _builder_version=&#8221;4.25.2&#8243; _module_preset=&#8221;default&#8221; text_font=&#8221;Red Hat Display|700|||||||&#8221; text_text_color=&#8221;#FFFFFF&#8221; text_font_size=&#8221;60px&#8221; text_line_height=&#8221;1.5em&#8221; text_orientation=&#8221;center&#8221; width=&#8221;100%&#8221; max_width=&#8221;100%&#8221; module_alignment=&#8221;center&#8221; custom_margin=&#8221;0px|0px|0px||false|false&#8221; custom_padding=&#8221;0px|0px|0px|0px|false|false&#8221; animation_style=&#8221;fade&#8221; hover_enabled=&#8221;0&#8243; global_colors_info=&#8221;{}&#8221; disabled_on=&#8221;on|on|off&#8221; sticky_enabled=&#8221;0&#8243;]<\/p>\n<p style=\"text-align: left;\">Acompanhe seu pedido<\/p>\n<p>[\/et_pb_text][et_pb_text _builder_version=&#8221;4.25.2&#8243; _module_preset=&#8221;default&#8221; text_font=&#8221;Red Hat Display|700|||||||&#8221; text_text_color=&#8221;#FFFFFF&#8221; text_font_size=&#8221;22px&#8221; text_line_height=&#8221;1.5em&#8221; text_orientation=&#8221;center&#8221; width=&#8221;100%&#8221; max_width=&#8221;100%&#8221; module_alignment=&#8221;center&#8221; custom_margin=&#8221;0px|0px|0px||false|false&#8221; custom_padding=&#8221;0px|0px|0px|0px|false|false&#8221; animation_style=&#8221;fade&#8221; hover_enabled=&#8221;0&#8243; global_colors_info=&#8221;{}&#8221; disabled_on=&#8221;off|off|on&#8221; sticky_enabled=&#8221;0&#8243;]<\/p>\n<p style=\"text-align: left;\">Acompanhe seu pedido<\/p>\n<p>[\/et_pb_text][\/et_pb_column][\/et_pb_row][\/et_pb_section][et_pb_section fb_built=&#8221;1&#8243; _builder_version=&#8221;4.25.2&#8243; _module_preset=&#8221;default&#8221; background_color=&#8221;#FFFFFF&#8221; background_image=&#8221;http:\/\/impaktotransportes.web15f11.uni5.net\/wp-content\/uploads\/2024\/06\/Sem-titulo-2.png&#8221; custom_padding=&#8221;50px||33px|||&#8221; global_colors_info=&#8221;{}&#8221;][et_pb_row _builder_version=&#8221;4.25.2&#8243; _module_preset=&#8221;default&#8221; global_colors_info=&#8221;{}&#8221;][et_pb_column type=&#8221;4_4&#8243; _builder_version=&#8221;4.25.2&#8243; _module_preset=&#8221;default&#8221; global_colors_info=&#8221;{}&#8221;][et_pb_text _builder_version=&#8221;4.25.2&#8243; _module_preset=&#8221;default&#8221; text_font=&#8221;Roboto|700||on|||||&#8221; text_text_color=&#8221;#e03b3b&#8221; text_font_size=&#8221;15px&#8221; text_letter_spacing=&#8221;2px&#8221; text_orientation=&#8221;center&#8221; module_alignment=&#8221;center&#8221; min_height=&#8221;40.8px&#8221; custom_margin=&#8221;||3px|||&#8221; global_colors_info=&#8221;{}&#8221;]<\/p>\n<p style=\"text-align: center;\">Rastreie seu pedido<\/p>\n<p>[\/et_pb_text][\/et_pb_column][\/et_pb_row][et_pb_row _builder_version=&#8221;4.25.2&#8243; _module_preset=&#8221;default&#8221; global_colors_info=&#8221;{}&#8221;][et_pb_column type=&#8221;4_4&#8243; _builder_version=&#8221;4.25.2&#8243; _module_preset=&#8221;default&#8221; global_colors_info=&#8221;{}&#8221;][et_pb_code _builder_version=&#8221;4.25.2&#8243; _module_preset=&#8221;default&#8221; custom_margin=&#8221;||-34px|||&#8221; custom_padding=&#8221;||0px|||&#8221; global_colors_info=&#8221;{}&#8221;]<\/p>\n<div class=\"et_pb_code_inner\"><!-- [et_pb_line_break_holder] -->                                                    <\/p>\n<div id=\"tab-controller\"><!-- [et_pb_line_break_holder] -->                                                        <button class=\"tab-button active\" data-tab=\"rastreamento\" style=\"padding: 10px 20px; cursor: pointer; border: 1px solid #ccc; background-color: #007bff; color: white; transition: background-color 0.3s ease;\">Rastreamento<\/button><!-- [et_pb_line_break_holder] -->                                                        <button class=\"tab-button\" data-tab=\"via\" style=\"padding: 10px 20px; cursor: pointer; border: 1px solid #ccc; background-color: #f1f1f1; transition: background-color 0.3s ease;\">2a<!-- [et_pb_line_break_holder] -->                                                            Via<\/button><!-- [et_pb_line_break_holder] -->                                                        <button class=\"tab-button\" data-tab=\"dacte\" style=\"padding: 10px 20px; cursor: pointer; border: 1px solid #ccc; background-color: #f1f1f1; transition: background-color 0.3s ease;\">DACTE<\/button><!-- [et_pb_line_break_holder] -->                                                        <button class=\"tab-button\" data-tab=\"xml\" style=\"padding: 10px 20px; cursor: pointer; border: 1px solid #ccc; background-color: #f1f1f1; transition: background-color 0.3s ease;\">XML<\/button><!-- [et_pb_line_break_holder] -->                                                    <\/div>\n<p><!-- [et_pb_line_break_holder] -->                                                    <!-- [et_pb_line_break_holder] --><!-- [et_pb_line_break_holder] -->                                                    <\/p>\n<div id=\"tab-contents\" style=\"background-color: white;\"><!-- [et_pb_line_break_holder] -->                                                        <\/p>\n<div class=\"tab-content\" id=\"rastreamento\" style=\"display: block;\"><!-- [et_pb_line_break_holder] -->                                                            <iframe src=\"https:\/\/ssw.inf.br\/ssw_rastreamento.asp\" width=\"100%\" height=\"600\" frameborder=\"0\" allowtransparency=\"false\" loading=\"lazy\"><\/iframe><!-- [et_pb_line_break_holder] -->                                                        <\/div>\n<p><!-- [et_pb_line_break_holder] -->                                                        <\/p>\n<div class=\"tab-content\" id=\"via\" style=\"display: none;\"><!-- [et_pb_line_break_holder] -->                                                            <iframe src=\"https:\/\/ssw.inf.br\/2\/servico?id=53&#038;sc=N&#038;sm=N&#038;sigla_emp=TES\" width=\"100%\" height=\"600\" frameborder=\"0\" allowtransparency=\"true\" loading=\"lazy\"><\/iframe><!-- [et_pb_line_break_holder] -->                                                        <\/div>\n<p><!-- [et_pb_line_break_holder] -->                                                        <\/p>\n<div class=\"tab-content\" id=\"dacte\" style=\"display: none;\"><!-- [et_pb_line_break_holder] -->                                                            <iframe src=\"https:\/\/ssw.inf.br\/2\/servico?id=51&#038;sc=N&#038;sm=N&#038;sigla_emp=TES\" width=\"100%\" height=\"600\" frameborder=\"0\" allowtransparency=\"true\" loading=\"lazy\"><\/iframe><!-- [et_pb_line_break_holder] -->                                                        <\/div>\n<p><!-- [et_pb_line_break_holder] -->                                                        <\/p>\n<div class=\"tab-content\" id=\"xml\" style=\"display: none;\"><!-- [et_pb_line_break_holder] -->                                                            <iframe src=\"https:\/\/www.ssw.inf.br\/2\/servico?id=52&#038;sc=N&#038;sm=N&#038;sigla_emp=IVC\" width=\"100%\" height=\"600\" frameborder=\"0\" allowtransparency=\"true\" loading=\"lazy\"><\/iframe><!-- [et_pb_line_break_holder] -->                                                        <\/div>\n<p><!-- [et_pb_line_break_holder] -->                                                    <\/div>\n<p><!-- [et_pb_line_break_holder] --><!-- [et_pb_line_break_holder] -->                                                    <script><!-- [et_pb_line_break_holder] -->                                                        \/\/ Script para alternar entre as abas<!-- [et_pb_line_break_holder] -->                                                        const buttons = document.querySelectorAll('#tab-controller .tab-button');<!-- [et_pb_line_break_holder] -->                                                        const tabs = document.querySelectorAll('#tab-contents .tab-content');<!-- [et_pb_line_break_holder] --><!-- [et_pb_line_break_holder] -->                                                        buttons.forEach(button => {<!-- [et_pb_line_break_holder] -->                                                            button.addEventListener('click', () => {<!-- [et_pb_line_break_holder] -->                                                                \/\/ Remove a classe 'active' de todos os bot\u00f5es e oculta todas as abas<!-- [et_pb_line_break_holder] -->                                                                buttons.forEach(btn => {<!-- [et_pb_line_break_holder] -->                                                                    btn.style.backgroundColor = '#f1f1f1';<!-- [et_pb_line_break_holder] -->                                                                    btn.style.color = 'black';<!-- [et_pb_line_break_holder] -->                                                                });<!-- [et_pb_line_break_holder] -->                                                                tabs.forEach(tab => tab.style.display = 'none');<!-- [et_pb_line_break_holder] --><!-- [et_pb_line_break_holder] -->                                                                \/\/ Adiciona a classe 'active' ao bot\u00e3o e exibe a aba correspondente<!-- [et_pb_line_break_holder] -->                                                                button.style.backgroundColor = '#007bff';<!-- [et_pb_line_break_holder] -->                                                                button.style.color = 'white';<!-- [et_pb_line_break_holder] -->                                                                document.getElementById(button.dataset.tab).style.display = 'block';<!-- [et_pb_line_break_holder] -->                                                            });<!-- [et_pb_line_break_holder] -->                                                        });<!-- [et_pb_line_break_holder] -->                                                    <\/script><!-- [et_pb_line_break_holder] -->                                                <\/div>\n<p>[\/et_pb_code][\/et_pb_column][\/et_pb_row][\/et_pb_section][et_pb_section fb_built=&#8221;1&#8243; _builder_version=&#8221;4.25.2&#8243; _module_preset=&#8221;default&#8221; background_color=&#8221;#05050a&#8221; custom_margin=&#8221;||0px||false|false&#8221; custom_padding=&#8221;30px||29px||false|false&#8221; global_colors_info=&#8221;{}&#8221;][et_pb_row column_structure=&#8221;1_2,1_4,1_4&#8243; use_custom_gutter=&#8221;on&#8221; gutter_width=&#8221;1&#8243; make_equal=&#8221;on&#8221; _builder_version=&#8221;4.25.2&#8243; _module_preset=&#8221;default&#8221; custom_padding=&#8221;|0px|||false|false&#8221; global_colors_info=&#8221;{}&#8221;][et_pb_column type=&#8221;1_2&#8243; _builder_version=&#8221;4.25.2&#8243; _module_preset=&#8221;default&#8221; custom_padding=&#8221;|0px||0px|false|false&#8221; global_colors_info=&#8221;{}&#8221;][et_pb_blurb title=&#8221;11 2601-3134&#8243; use_icon=&#8221;on&#8221; font_icon=&#8221;&#xe090;||divi||400&#8243; icon_color=&#8221;#e03b3b&#8221; icon_placement=&#8221;left&#8221; image_icon_width=&#8221;25px&#8221; _builder_version=&#8221;4.25.2&#8243; _module_preset=&#8221;default&#8221; header_font=&#8221;Red Hat Text||||||||&#8221; header_text_color=&#8221;rgba(255,255,255,0.7)&#8221; header_font_size=&#8221;16px&#8221; header_line_height=&#8221;1.4em&#8221; image_icon_custom_margin=&#8221;0px||||false|false&#8221; module_alignment=&#8221;left&#8221; custom_margin=&#8221;||0px||false|false&#8221; animation_style=&#8221;fade&#8221; locked=&#8221;off&#8221; global_colors_info=&#8221;{}&#8221;][\/et_pb_blurb][et_pb_blurb title=&#8221;11 98939-2934&#8243; use_icon=&#8221;on&#8221; font_icon=&#8221;&#xf232;||fa||400&#8243; icon_color=&#8221;#e03b3b&#8221; icon_placement=&#8221;left&#8221; image_icon_width=&#8221;25px&#8221; _builder_version=&#8221;4.25.2&#8243; _module_preset=&#8221;default&#8221; header_font=&#8221;Red Hat Text||||||||&#8221; header_text_color=&#8221;rgba(255,255,255,0.7)&#8221; header_font_size=&#8221;16px&#8221; header_line_height=&#8221;1.4em&#8221; image_icon_custom_margin=&#8221;0px||||false|false&#8221; module_alignment=&#8221;left&#8221; custom_margin=&#8221;||20px||false|false&#8221; animation_style=&#8221;fade&#8221; locked=&#8221;off&#8221; global_colors_info=&#8221;{}&#8221;][\/et_pb_blurb][et_pb_text _builder_version=&#8221;4.25.2&#8243; _module_preset=&#8221;default&#8221; text_font=&#8221;Montserrat|600|||||||&#8221; text_text_color=&#8221;#FFFFFF&#8221; text_font_size=&#8221;20px&#8221; text_orientation=&#8221;center&#8221; width=&#8221;90.5%&#8221; custom_margin=&#8221;||0px||false|false&#8221; custom_padding=&#8221;|0px|15px||false|false&#8221; global_colors_info=&#8221;{}&#8221;]<\/p>\n<p style=\"text-align: left;\">Impakto Transportes<\/p>\n<p>[\/et_pb_text][et_pb_text _builder_version=&#8221;4.25.2&#8243; _module_preset=&#8221;default&#8221; text_font=&#8221;Red Hat Text||||||||&#8221; text_text_color=&#8221;rgba(255,255,255,0.7)&#8221; text_line_height=&#8221;1.8em&#8221; width=&#8221;90%&#8221; custom_margin=&#8221;||28px|||&#8221; animation_style=&#8221;slide&#8221; animation_direction=&#8221;left&#8221; animation_duration=&#8221;1050ms&#8221; animation_intensity_slide=&#8221;1%&#8221; global_colors_info=&#8221;{}&#8221;]<\/p>\n<p style=\"text-align: justify;\">A Impakto Transportes \u00e9\u00a0uma empresa s\u00e9ria que com muito empenho, dedica\u00e7\u00e3o e assumindo desafios, conseguimos nos consolidar dentro do mercado de servi\u00e7os de transporte.<\/p>\n<p>[\/et_pb_text][et_pb_button button_url=&#8221;https:\/\/impaktotransportes.com.br\/index.php\/contato\/&#8221; button_text=&#8221;Solicite um Or\u00e7amento&#8221; button_alignment=&#8221;left&#8221; _builder_version=&#8221;4.25.2&#8243; _module_preset=&#8221;default&#8221; custom_button=&#8221;on&#8221; button_text_size=&#8221;14px&#8221; button_text_color=&#8221;#FFFFFF&#8221; button_bg_color=&#8221;#e03b3b&#8221; button_border_width=&#8221;0px&#8221; button_border_color=&#8221;RGBA(0,0,0,0)&#8221; button_border_radius=&#8221;100px&#8221; button_letter_spacing=&#8221;0px&#8221; button_font=&#8221;Montserrat||||||||&#8221; button_icon=&#8221;&#x39;||divi||400&#8243; background_layout=&#8221;dark&#8221; custom_margin=&#8221;30px||||false|false&#8221; custom_padding=&#8221;15px|30px|15px|30px|false|false&#8221; animation_style=&#8221;fade&#8221; box_shadow_style=&#8221;preset1&#8243; box_shadow_blur=&#8221;8px&#8221; box_shadow_color=&#8221;RGBA(0,0,0,0)&#8221; global_colors_info=&#8221;{}&#8221; box_shadow_color__hover=&#8221;rgba(0,0,0,0.3)&#8221; box_shadow_color__hover_enabled=&#8221;on|hover&#8221; transform_styles__hover_enabled=&#8221;on|hover&#8221; transform_scale__hover_enabled=&#8221;on|hover&#8221; transform_translate__hover_enabled=&#8221;on|desktop&#8221; transform_rotate__hover_enabled=&#8221;on|desktop&#8221; transform_skew__hover_enabled=&#8221;on|desktop&#8221; transform_origin__hover_enabled=&#8221;on|desktop&#8221; transform_scale__hover=&#8221;105%|105%&#8221;][\/et_pb_button][\/et_pb_column][et_pb_column type=&#8221;1_4&#8243; _builder_version=&#8221;4.25.2&#8243; _module_preset=&#8221;default&#8221; custom_padding=&#8221;|0px||0px|false|false&#8221; global_colors_info=&#8221;{}&#8221;][et_pb_image src=&#8221;https:\/\/impaktotransportes.com.br\/wp-content\/uploads\/2024\/07\/IBAMA-branco.png&#8221; title_text=&#8221;IBAMA branco&#8221; url=&#8221;https:\/\/impaktotransportes.com.br\/documentos\/Ibama.pdf&#8221; url_new_window=&#8221;on&#8221; align=&#8221;center&#8221; _builder_version=&#8221;4.25.2&#8243; _module_preset=&#8221;default&#8221; width=&#8221;50%&#8221; module_alignment=&#8221;left&#8221; custom_margin=&#8221;|0px|||false|false&#8221; animation_style=&#8221;fade&#8221; hover_enabled=&#8221;0&#8243; global_colors_info=&#8221;{}&#8221; transform_styles__hover_enabled=&#8221;on|hover&#8221; transform_scale__hover_enabled=&#8221;on|hover&#8221; transform_translate__hover_enabled=&#8221;on|desktop&#8221; transform_rotate__hover_enabled=&#8221;on|desktop&#8221; transform_skew__hover_enabled=&#8221;on|desktop&#8221; transform_origin__hover_enabled=&#8221;on|desktop&#8221; transform_scale__hover=&#8221;105%|105%&#8221; disabled_on=&#8221;on|on|off&#8221; sticky_enabled=&#8221;0&#8243;][\/et_pb_image][\/et_pb_column][et_pb_column type=&#8221;1_4&#8243; _builder_version=&#8221;4.25.2&#8243; _module_preset=&#8221;default&#8221; global_colors_info=&#8221;{}&#8221;][et_pb_text _builder_version=&#8221;4.25.2&#8243; _module_preset=&#8221;default&#8221; text_font=&#8221;Montserrat|600|||||||&#8221; text_text_color=&#8221;#FFFFFF&#8221; text_font_size=&#8221;20px&#8221; text_orientation=&#8221;center&#8221; min_height=&#8221;40.8px&#8221; custom_padding=&#8221;30px||30px||false|false&#8221; hover_enabled=&#8221;0&#8243; global_colors_info=&#8221;{}&#8221; sticky_enabled=&#8221;0&#8243;]<\/p>\n<p style=\"text-align: left;\">Utilidades<\/p>\n<p>[\/et_pb_text][et_pb_text _builder_version=&#8221;4.25.2&#8243; _module_preset=&#8221;default&#8221; text_font=&#8221;Montserrat||||||||&#8221; text_text_color=&#8221;#ffffff&#8221; text_font_size=&#8221;16px&#8221; text_orientation=&#8221;center&#8221; custom_margin=&#8221;||0px||false|false&#8221; custom_padding=&#8221;||15px||false|false&#8221; link_option_url=&#8221;https:\/\/impaktotransportes.com.br\/documentos\/Apresenta\u00e7\u00e3o Impakto Transportes.pdf&#8221; link_option_url_new_window=&#8221;on&#8221; global_colors_info=&#8221;{}&#8221; text_text_color__hover_enabled=&#8221;on|hover&#8221; text_text_color__hover=&#8221;#e03b3b&#8221;]<\/p>\n<p style=\"text-align: left;\">Apresenta\u00e7\u00e3o Comercial<\/p>\n<p>[\/et_pb_text][et_pb_text _builder_version=&#8221;4.25.2&#8243; _module_preset=&#8221;default&#8221; text_font=&#8221;Montserrat||||||||&#8221; text_text_color=&#8221;#ffffff&#8221; text_font_size=&#8221;16px&#8221; text_orientation=&#8221;center&#8221; custom_margin=&#8221;||0px||false|false&#8221; custom_padding=&#8221;||15px||false|false&#8221; link_option_url=&#8221;https:\/\/impaktotransportes.com.br\/documentos\/CADASTRO IMPAKTO TRANSPORTES.pdf&#8221; link_option_url_new_window=&#8221;on&#8221; global_colors_info=&#8221;{}&#8221; text_text_color__hover_enabled=&#8221;on|hover&#8221; text_text_color__hover=&#8221;#e03b3b&#8221;]<\/p>\n<p style=\"text-align: left;\">Cadastro Impakto Transportes<\/p>\n<p>[\/et_pb_text][et_pb_text _builder_version=&#8221;4.25.2&#8243; _module_preset=&#8221;default&#8221; text_font=&#8221;Montserrat||||||||&#8221; text_text_color=&#8221;#ffffff&#8221; text_font_size=&#8221;16px&#8221; text_orientation=&#8221;center&#8221; custom_margin=&#8221;||0px||false|false&#8221; custom_padding=&#8221;||15px||false|false&#8221; link_option_url=&#8221;https:\/\/impaktotransportes.com.br\/documentos\/Ibama.pdf&#8221; link_option_url_new_window=&#8221;on&#8221; global_colors_info=&#8221;{}&#8221; text_text_color__hover_enabled=&#8221;on|hover&#8221; text_text_color__hover=&#8221;#e03b3b&#8221;]<\/p>\n<p style=\"text-align: left;\">Certificado &#8211; Ibama<\/p>\n<p>[\/et_pb_text][et_pb_text _builder_version=&#8221;4.25.2&#8243; _module_preset=&#8221;default&#8221; text_font=&#8221;Montserrat||||||||&#8221; text_text_color=&#8221;#ffffff&#8221; text_font_size=&#8221;16px&#8221; text_orientation=&#8221;center&#8221; custom_margin=&#8221;||0px||false|false&#8221; custom_padding=&#8221;||15px||false|false&#8221; link_option_url=&#8221;https:\/\/impaktotransportes.com.br\/documentos\/ENDOSSO-MARTINS E MARIANO-AP\u00d3LICE-027982024010654000911-RCTRC.pdf&#8221; link_option_url_new_window=&#8221;on&#8221; global_colors_info=&#8221;{}&#8221; text_text_color__hover_enabled=&#8221;on|hover&#8221; text_text_color__hover=&#8221;#e03b3b&#8221;]<\/p>\n<p style=\"text-align: left;\">Ap\u00f3lice &#8211; 0654<\/p>\n<p>[\/et_pb_text][et_pb_text _builder_version=&#8221;4.25.2&#8243; _module_preset=&#8221;default&#8221; text_font=&#8221;Montserrat||||||||&#8221; text_text_color=&#8221;#ffffff&#8221; text_font_size=&#8221;16px&#8221; text_orientation=&#8221;center&#8221; custom_margin=&#8221;||0px||false|false&#8221; custom_padding=&#8221;||15px||false|false&#8221; link_option_url=&#8221;https:\/\/impaktotransportes.com.br\/documentos\/ENDOSSO-MARTINS E MARIANO-AP\u00d3LICE-027982024010655000745-RCF.pdf&#8221; link_option_url_new_window=&#8221;on&#8221; global_colors_info=&#8221;{}&#8221; text_text_color__hover_enabled=&#8221;on|hover&#8221; text_text_color__hover=&#8221;#e03b3b&#8221;]<\/p>\n<p style=\"text-align: left;\">Ap\u00f3lice &#8211; 0655<\/p>\n<p>[\/et_pb_text][\/et_pb_column][\/et_pb_row][\/et_pb_section]<\/p>\n","protected":false},"excerpt":{"rendered":"<p>\u00e1rea do ClienteAcompanhe seu pedidoAcompanhe seu pedidoRastreie seu pedidoImpakto TransportesA Impakto Transportes \u00e9\u00a0uma empresa s\u00e9ria que com muito empenho, dedica\u00e7\u00e3o e assumindo desafios, conseguimos nos consolidar dentro do mercado de servi\u00e7os de transporte.UtilidadesApresenta\u00e7\u00e3o ComercialCadastro Impakto TransportesCertificado &#8211; IbamaAp\u00f3lice &#8211; 0654Ap\u00f3lice &#8211; 0655<\/p>\n","protected":false},"author":1,"featured_media":0,"parent":0,"menu_order":0,"comment_status":"closed","ping_status":"closed","template":"","meta":{"_et_pb_use_builder":"on","_et_pb_old_content":"","_et_gb_content_width":"","footnotes":""},"class_list":["post-3301","page","type-page","status-publish","hentry"],"_links":{"self":[{"href":"https:\/\/impaktotransportes.com.br\/index.php?rest_route=\/wp\/v2\/pages\/3301","targetHints":{"allow":["GET"]}}],"collection":[{"href":"https:\/\/impaktotransportes.com.br\/index.php?rest_route=\/wp\/v2\/pages"}],"about":[{"href":"https:\/\/impaktotransportes.com.br\/index.php?rest_route=\/wp\/v2\/types\/page"}],"author":[{"embeddable":true,"href":"https:\/\/impaktotransportes.com.br\/index.php?rest_route=\/wp\/v2\/users\/1"}],"replies":[{"embeddable":true,"href":"https:\/\/impaktotransportes.com.br\/index.php?rest_route=%2Fwp%2Fv2%2Fcomments&post=3301"}],"version-history":[{"count":0,"href":"https:\/\/impaktotransportes.com.br\/index.php?rest_route=\/wp\/v2\/pages\/3301\/revisions"}],"wp:attachment":[{"href":"https:\/\/impaktotransportes.com.br\/index.php?rest_route=%2Fwp%2Fv2%2Fmedia&parent=3301"}],"curies":[{"name":"wp","href":"https:\/\/api.w.org\/{rel}","templated":true}]}}